{"id":6682,"date":"2024-03-04T19:43:09","date_gmt":"2024-03-04T18:43:09","guid":{"rendered":"https:\/\/niklaszidarov.de\/?page_id=6682"},"modified":"2024-03-04T19:57:11","modified_gmt":"2024-03-04T18:57:11","slug":"danke","status":"publish","type":"page","link":"https:\/\/niklaszidarov.de\/en\/danke\/","title":{"rendered":"Danke,"},"content":{"rendered":"<p>Sie bekommen in den n\u00e4chsten Minuten eine Email, mit der Sie Ihre Anmedlung best\u00e4tigen k\u00f6nnen.<\/p>","protected":false},"excerpt":{"rendered":"<p>Sie bekommen in den n\u00e4chsten Minuten eine Email, mit der Sie Ihre Anmedlung best\u00e4tigen k\u00f6nnen.<\/p>","protected":false},"author":1,"featured_media":0,"parent":0,"menu_order":0,"comment_status":"closed","ping_status":"closed","template":"","meta":{"ngg_post_thumbnail":0,"footnotes":""},"class_list":["post-6682","page","type-page","status-publish","hentry"],"_links":{"self":[{"href":"https:\/\/niklaszidarov.de\/en\/wp-json\/wp\/v2\/pages\/6682","targetHints":{"allow":["GET"]}}],"collection":[{"href":"https:\/\/niklaszidarov.de\/en\/wp-json\/wp\/v2\/pages"}],"about":[{"href":"https:\/\/niklaszidarov.de\/en\/wp-json\/wp\/v2\/types\/page"}],"author":[{"embeddable":true,"href":"https:\/\/niklaszidarov.de\/en\/wp-json\/wp\/v2\/users\/1"}],"replies":[{"embeddable":true,"href":"https:\/\/niklaszidarov.de\/en\/wp-json\/wp\/v2\/comments?post=6682"}],"version-history":[{"count":3,"href":"https:\/\/niklaszidarov.de\/en\/wp-json\/wp\/v2\/pages\/6682\/revisions"}],"predecessor-version":[{"id":6688,"href":"https:\/\/niklaszidarov.de\/en\/wp-json\/wp\/v2\/pages\/6682\/revisions\/6688"}],"wp:attachment":[{"href":"https:\/\/niklaszidarov.de\/en\/wp-json\/wp\/v2\/media?parent=6682"}],"curies":[{"name":"wp","href":"https:\/\/api.w.org\/{rel}","templated":true}]}}